{"id":9914,"date":"2025-02-04T18:35:53","date_gmt":"2025-02-04T18:35:53","guid":{"rendered":"https:\/\/millewnordiskdesign.se\/?post_type=product&#038;p=9914"},"modified":"2026-03-23T20:57:19","modified_gmt":"2026-03-23T20:57:19","slug":"servettring-moose","status":"publish","type":"product","link":"https:\/\/millewnordiskdesign.se\/en\/product\/servettring-moose\/","title":{"rendered":"Servettring \u00c4lg"},"content":{"rendered":"","protected":false},"excerpt":{"rendered":"<p>Servettring \u00c4lg i unik nordisk design handgjord av \u00e5tervunnet l\u00e4der i Sverige.<\/p>\n<p>Dimensioner:<\/p>\n<p>Diameter: 6 cm<\/p>\n<p>H\u00f6jd: 6 cm<\/p>","protected":false},"featured_media":9851,"template":"","meta":{"_seopress_robots_primary_cat":"none","_seopress_titles_title":"","_seopress_titles_desc":"Servettring \u00c4lg i unik nordisk design handgjord av \u00e5tervunnet l\u00e4der i Sverige.","_seopress_robots_index":""},"product_brand":[],"product_cat":[32],"product_tag":[],"class_list":{"0":"post-9914","1":"product","2":"type-product","3":"status-publish","4":"has-post-thumbnail","6":"product_cat-servettringar","8":"first","9":"instock","10":"taxable","11":"shipping-taxable","12":"purchasable","13":"product-type-variable","14":"add-to-wishlist-before_image"},"_links":{"self":[{"href":"https:\/\/millewnordiskdesign.se\/en\/wp-json\/wp\/v2\/product\/9914","targetHints":{"allow":["GET"]}}],"collection":[{"href":"https:\/\/millewnordiskdesign.se\/en\/wp-json\/wp\/v2\/product"}],"about":[{"href":"https:\/\/millewnordiskdesign.se\/en\/wp-json\/wp\/v2\/types\/product"}],"wp:featuredmedia":[{"embeddable":true,"href":"https:\/\/millewnordiskdesign.se\/en\/wp-json\/wp\/v2\/media\/9851"}],"wp:attachment":[{"href":"https:\/\/millewnordiskdesign.se\/en\/wp-json\/wp\/v2\/media?parent=9914"}],"wp:term":[{"taxonomy":"product_brand","embeddable":true,"href":"https:\/\/millewnordiskdesign.se\/en\/wp-json\/wp\/v2\/product_brand?post=9914"},{"taxonomy":"product_cat","embeddable":true,"href":"https:\/\/millewnordiskdesign.se\/en\/wp-json\/wp\/v2\/product_cat?post=9914"},{"taxonomy":"product_tag","embeddable":true,"href":"https:\/\/millewnordiskdesign.se\/en\/wp-json\/wp\/v2\/product_tag?post=9914"}],"curies":[{"name":"wp","href":"https:\/\/api.w.org\/{rel}","templated":true}]}}