{"id":9909,"date":"2025-02-04T18:35:52","date_gmt":"2025-02-04T18:35:52","guid":{"rendered":"https:\/\/millewnordiskdesign.se\/?post_type=product&#038;p=9909"},"modified":"2025-02-04T18:51:37","modified_gmt":"2025-02-04T18:51:37","slug":"underlagg-fox","status":"publish","type":"product","link":"https:\/\/millewnordiskdesign.se\/en\/product\/underlagg-fox\/","title":{"rendered":"Underl\u00e4gg &#8211; R\u00e4v"},"content":{"rendered":"","protected":false},"excerpt":{"rendered":"<p>MiLLE W NORDISK DESIGNs R\u00e4v underl\u00e4gg \u00e4r tillverkade av \u00e5tervunnet l\u00e4der och \u00e4r t\u00e4nkt att anv\u00e4ndas som skydd under mat och vatten beh\u00e5llare. Med \u00e5tervunnet l\u00e4der f\u00e5r man k\u00e4nslan och doften fr\u00e5n l\u00e4der, blandningen av naturgummi g\u00f6r dem vattenavvisande med h\u00f6g slitstyrka. Det g\u00f6r dem mycket l\u00e4tta att reng\u00f6ra med diskmedel och en mjuk trasa, samtidigt som de blir en vacker inredningsdetalj.<\/p>\n<p>Dimension: Width: 40cm, height: 30cm, thickness: 2mm<\/p>\n<p>Material: 80% recycled leather, 20% natural rubber<\/p>","protected":false},"featured_media":9888,"template":"","meta":{"_seopress_robots_primary_cat":"none","_seopress_titles_title":"","_seopress_titles_desc":"","_seopress_robots_index":""},"product_brand":[],"product_cat":[51],"product_tag":[],"class_list":{"0":"post-9909","1":"product","2":"type-product","3":"status-publish","4":"has-post-thumbnail","6":"product_cat-husdjur","8":"first","9":"instock","10":"taxable","11":"shipping-taxable","12":"purchasable","13":"product-type-variable","14":"has-default-attributes","15":"add-to-wishlist-before_image"},"_links":{"self":[{"href":"https:\/\/millewnordiskdesign.se\/en\/wp-json\/wp\/v2\/product\/9909","targetHints":{"allow":["GET"]}}],"collection":[{"href":"https:\/\/millewnordiskdesign.se\/en\/wp-json\/wp\/v2\/product"}],"about":[{"href":"https:\/\/millewnordiskdesign.se\/en\/wp-json\/wp\/v2\/types\/product"}],"wp:featuredmedia":[{"embeddable":true,"href":"https:\/\/millewnordiskdesign.se\/en\/wp-json\/wp\/v2\/media\/9888"}],"wp:attachment":[{"href":"https:\/\/millewnordiskdesign.se\/en\/wp-json\/wp\/v2\/media?parent=9909"}],"wp:term":[{"taxonomy":"product_brand","embeddable":true,"href":"https:\/\/millewnordiskdesign.se\/en\/wp-json\/wp\/v2\/product_brand?post=9909"},{"taxonomy":"product_cat","embeddable":true,"href":"https:\/\/millewnordiskdesign.se\/en\/wp-json\/wp\/v2\/product_cat?post=9909"},{"taxonomy":"product_tag","embeddable":true,"href":"https:\/\/millewnordiskdesign.se\/en\/wp-json\/wp\/v2\/product_tag?post=9909"}],"curies":[{"name":"wp","href":"https:\/\/api.w.org\/{rel}","templated":true}]}}