{"id":9689,"date":"2024-11-25T17:26:41","date_gmt":"2024-11-25T17:26:41","guid":{"rendered":"https:\/\/millewnordiskdesign.se\/?post_type=product&#038;p=9689"},"modified":"2024-12-12T10:33:58","modified_gmt":"2024-12-12T10:33:58","slug":"blomkruka-15x14cm","status":"publish","type":"product","link":"https:\/\/millewnordiskdesign.se\/en\/product\/blomkruka-15x14cm\/","title":{"rendered":"Blomkruka 15&#215;14 cm"},"content":{"rendered":"","protected":false},"excerpt":{"rendered":"<p>MiLLE W NORDISK DESIGNs Blomkruka \u00e4r handgjord i Sverige och tillverkad av \u00e5tervunnet l\u00e4der, levereras med vattent\u00e4tt inv\u00e4ndigt skydd.<\/p>","protected":false},"featured_media":9293,"template":"","meta":{"_seopress_robots_primary_cat":"none","_seopress_titles_title":"","_seopress_titles_desc":"MiLLE W NORDISK DESIGNs Br\u00f6dkorg \u00e4r handgjord i Sverige och tillverkad av \u00e5tervunnet l\u00e4der","_seopress_robots_index":""},"product_brand":[],"product_cat":[20],"product_tag":[],"class_list":{"0":"post-9689","1":"product","2":"type-product","3":"status-publish","4":"has-post-thumbnail","6":"product_cat-kok","8":"first","9":"instock","10":"taxable","11":"shipping-taxable","12":"purchasable","13":"product-type-variable","14":"add-to-wishlist-before_image"},"_links":{"self":[{"href":"https:\/\/millewnordiskdesign.se\/en\/wp-json\/wp\/v2\/product\/9689","targetHints":{"allow":["GET"]}}],"collection":[{"href":"https:\/\/millewnordiskdesign.se\/en\/wp-json\/wp\/v2\/product"}],"about":[{"href":"https:\/\/millewnordiskdesign.se\/en\/wp-json\/wp\/v2\/types\/product"}],"wp:featuredmedia":[{"embeddable":true,"href":"https:\/\/millewnordiskdesign.se\/en\/wp-json\/wp\/v2\/media\/9293"}],"wp:attachment":[{"href":"https:\/\/millewnordiskdesign.se\/en\/wp-json\/wp\/v2\/media?parent=9689"}],"wp:term":[{"taxonomy":"product_brand","embeddable":true,"href":"https:\/\/millewnordiskdesign.se\/en\/wp-json\/wp\/v2\/product_brand?post=9689"},{"taxonomy":"product_cat","embeddable":true,"href":"https:\/\/millewnordiskdesign.se\/en\/wp-json\/wp\/v2\/product_cat?post=9689"},{"taxonomy":"product_tag","embeddable":true,"href":"https:\/\/millewnordiskdesign.se\/en\/wp-json\/wp\/v2\/product_tag?post=9689"}],"curies":[{"name":"wp","href":"https:\/\/api.w.org\/{rel}","templated":true}]}}