{"id":9636,"date":"2024-11-23T09:55:03","date_gmt":"2024-11-23T09:55:03","guid":{"rendered":"https:\/\/millewnordiskdesign.se\/?post_type=product&#038;p=9636"},"modified":"2025-09-22T20:30:32","modified_gmt":"2025-09-22T20:30:32","slug":"musmatta-30x30-cm","status":"publish","type":"product","link":"https:\/\/millewnordiskdesign.se\/en\/product\/musmatta-30x30-cm\/","title":{"rendered":"Musmatta 30&#215;30 cm"},"content":{"rendered":"","protected":false},"excerpt":{"rendered":"<p>V\u00e5ra musmatta \u00e4r en egen unik design, tillverkad av \u00e5tervunnet l\u00e4der som \u00e4r GRS\u00ae-certifierat. Ytan fungera utm\u00e4rkt att anv\u00e4nda som en musmatta. Underl\u00e4gget \u00e4r inte v\u00e4rmek\u00e4nsligt f\u00f6r en varm kopp kaffe eller the. Det reng\u00f6rs enkelt med en v\u00e5t trasa och lite diskmedel. De fungerar lika bra i ditt b\u00e5de ditt hemmakontor som p\u00e5 din arbetsplats. Den eleganta och exklusiva designen \u00e4r tidl\u00f6s och passar lika bra in, oavsett om din \u00f6vriga omgivning \u00e4r minimalistisk eller klassisk. De \u00e4r designade och producerade i v\u00e5ra egna lokaler i Sverige.<\/p>","protected":false},"featured_media":9373,"template":"","meta":{"_seopress_robots_primary_cat":"none","_seopress_titles_title":"","_seopress_titles_desc":"V\u00e5ra musmatta \u00e4r en egen unik design, tillverkad av \u00e5tervunnet l\u00e4der som \u00e4r GRS\u00ae-certifierat. Ytan fungera utm\u00e4rkt att anv\u00e4nda som en musmatta. Underl\u00e4gget \u00e4r inte v\u00e4rmek\u00e4nsligt f\u00f6r en varm kopp kaffe eller the. Det reng\u00f6rs enkelt med en v\u00e5t trasa och lite diskmedel. De fungerar lika bra i ditt b\u00e5de ditt hemmakontor som p\u00e5 din arbetsplats. Den eleganta och exklusiva designen \u00e4r tidl\u00f6s och passar lika bra in, oavsett om din \u00f6vriga omgivning \u00e4r minimalistisk eller klassisk. De \u00e4r designade och producerade i v\u00e5ra egna lokaler i Sverige.","_seopress_robots_index":""},"product_brand":[],"product_cat":[97],"product_tag":[],"class_list":{"0":"post-9636","1":"product","2":"type-product","3":"status-publish","4":"has-post-thumbnail","6":"product_cat-kontor","8":"first","9":"instock","10":"taxable","11":"shipping-taxable","12":"purchasable","13":"product-type-variable","14":"add-to-wishlist-before_image"},"_links":{"self":[{"href":"https:\/\/millewnordiskdesign.se\/en\/wp-json\/wp\/v2\/product\/9636","targetHints":{"allow":["GET"]}}],"collection":[{"href":"https:\/\/millewnordiskdesign.se\/en\/wp-json\/wp\/v2\/product"}],"about":[{"href":"https:\/\/millewnordiskdesign.se\/en\/wp-json\/wp\/v2\/types\/product"}],"wp:featuredmedia":[{"embeddable":true,"href":"https:\/\/millewnordiskdesign.se\/en\/wp-json\/wp\/v2\/media\/9373"}],"wp:attachment":[{"href":"https:\/\/millewnordiskdesign.se\/en\/wp-json\/wp\/v2\/media?parent=9636"}],"wp:term":[{"taxonomy":"product_brand","embeddable":true,"href":"https:\/\/millewnordiskdesign.se\/en\/wp-json\/wp\/v2\/product_brand?post=9636"},{"taxonomy":"product_cat","embeddable":true,"href":"https:\/\/millewnordiskdesign.se\/en\/wp-json\/wp\/v2\/product_cat?post=9636"},{"taxonomy":"product_tag","embeddable":true,"href":"https:\/\/millewnordiskdesign.se\/en\/wp-json\/wp\/v2\/product_tag?post=9636"}],"curies":[{"name":"wp","href":"https:\/\/api.w.org\/{rel}","templated":true}]}}