{"id":9527,"date":"2024-10-13T14:51:02","date_gmt":"2024-10-13T14:51:02","guid":{"rendered":"https:\/\/millewnordiskdesign.se\/?post_type=product&#038;p=9527"},"modified":"2024-12-12T11:19:11","modified_gmt":"2024-12-12T11:19:11","slug":"skrivbordsunderlagg-70x30-cm","status":"publish","type":"product","link":"https:\/\/millewnordiskdesign.se\/en\/product\/skrivbordsunderlagg-70x30-cm\/","title":{"rendered":"Skrivbordsunderl\u00e4gg 70&#215;30 cm"},"content":{"rendered":"","protected":false},"excerpt":{"rendered":"<p>Our officemats are our own unique design of the traditional desk pad, made from recycled leather that is GRS\u00ae certified. The surface works great to use as a mouse pad. The pad is not heat sensitive for a hot cup of coffee or tea. It is easily cleaned with a wet cloth and a little washing-up liquid. They work just as well in your home office as in your workplace. The elegant and exclusive design is timeless and fits in just as well, regardless of whether the rest of your surroundings are minimalist or classic. They are designed and produced in our own premises in Sweden.<\/p>","protected":false},"featured_media":9395,"template":"","meta":{"_seopress_robots_primary_cat":"none","_seopress_titles_title":"","_seopress_titles_desc":"V\u00e5ra skrivbordsunderl\u00e4gg \u00e4r en egen unik design av det traditionella skrivbordsunderl\u00e4gget, tillverkad av \u00e5tervunnet l\u00e4der som \u00e4r GRS\u00ae-certifierat. Ytan fungera utm\u00e4rkt att anv\u00e4nda som en musmatta. Underl\u00e4gget \u00e4r inte v\u00e4rmek\u00e4nsligt f\u00f6r en varm kopp kaffe eller the. Det reng\u00f6rs enkelt med en v\u00e5t trasa och lite diskmedel. De fungerar lika bra i ditt b\u00e5de ditt hemmakontor som p\u00e5 din arbetsplats. Den eleganta och exklusiva designen \u00e4r tidl\u00f6s och passar lika bra in, oavsett om din \u00f6vriga omgivning \u00e4r minimalistisk eller klassisk. De \u00e4r designade och producerade i v\u00e5ra egna lokaler i Sverige.","_seopress_robots_index":""},"product_brand":[],"product_cat":[97],"product_tag":[],"class_list":{"0":"post-9527","1":"product","2":"type-product","3":"status-publish","4":"has-post-thumbnail","6":"product_cat-kontor","8":"first","9":"instock","10":"taxable","11":"shipping-taxable","12":"purchasable","13":"product-type-variable","14":"add-to-wishlist-before_image"},"_links":{"self":[{"href":"https:\/\/millewnordiskdesign.se\/en\/wp-json\/wp\/v2\/product\/9527","targetHints":{"allow":["GET"]}}],"collection":[{"href":"https:\/\/millewnordiskdesign.se\/en\/wp-json\/wp\/v2\/product"}],"about":[{"href":"https:\/\/millewnordiskdesign.se\/en\/wp-json\/wp\/v2\/types\/product"}],"wp:featuredmedia":[{"embeddable":true,"href":"https:\/\/millewnordiskdesign.se\/en\/wp-json\/wp\/v2\/media\/9395"}],"wp:attachment":[{"href":"https:\/\/millewnordiskdesign.se\/en\/wp-json\/wp\/v2\/media?parent=9527"}],"wp:term":[{"taxonomy":"product_brand","embeddable":true,"href":"https:\/\/millewnordiskdesign.se\/en\/wp-json\/wp\/v2\/product_brand?post=9527"},{"taxonomy":"product_cat","embeddable":true,"href":"https:\/\/millewnordiskdesign.se\/en\/wp-json\/wp\/v2\/product_cat?post=9527"},{"taxonomy":"product_tag","embeddable":true,"href":"https:\/\/millewnordiskdesign.se\/en\/wp-json\/wp\/v2\/product_tag?post=9527"}],"curies":[{"name":"wp","href":"https:\/\/api.w.org\/{rel}","templated":true}]}}