{"id":9503,"date":"2024-10-08T18:58:11","date_gmt":"2024-10-08T18:58:11","guid":{"rendered":"https:\/\/millewnordiskdesign.se\/?post_type=product&#038;p=9503"},"modified":"2026-03-25T08:19:02","modified_gmt":"2026-03-25T08:19:02","slug":"jul-gran-4-pack","status":"publish","type":"product","link":"https:\/\/millewnordiskdesign.se\/en\/product\/jul-gran-4-pack\/","title":{"rendered":"Jul gran 4-pack"},"content":{"rendered":"","protected":false},"excerpt":{"rendered":"<p>MiLLE W NORDISK DESIGNs Julgran \u00e4r tillverkad av \u00e5tervunnet l\u00e4der och \u00e4r handgjord i Sverige. Med \u00e5tervunnet l\u00e4der f\u00e5r man k\u00e4nslan och doften fr\u00e5n l\u00e4der, blandningen av naturgummi g\u00f6r dem vattenavvisande med h\u00f6g slitstyrka. Det g\u00f6r dem mycket l\u00e4tta att reng\u00f6ra med diskmedel och en mjuk trasa.<\/p>","protected":false},"featured_media":9328,"template":"","meta":{"_seopress_robots_primary_cat":"none","_seopress_titles_title":"","_seopress_titles_desc":"MiLLE W NORDISK DESIGNs Julgran \u00e4r tillverkad av \u00e5tervunnet l\u00e4der och \u00e4r handgjord i Sverige. Med \u00e5tervunnet l\u00e4der f\u00e5r man k\u00e4nslan och doften fr\u00e5n l\u00e4der, blandningen av naturgummi g\u00f6r dem vattenavvisande med h\u00f6g slitstyrka. Det g\u00f6r dem mycket l\u00e4tta att reng\u00f6ra med diskmedel och en mjuk trasa.","_seopress_robots_index":""},"product_brand":[],"product_cat":[107],"product_tag":[],"class_list":{"0":"post-9503","1":"product","2":"type-product","3":"status-publish","4":"has-post-thumbnail","6":"product_cat-jul","8":"first","9":"instock","10":"taxable","11":"shipping-taxable","12":"purchasable","13":"product-type-variable","14":"add-to-wishlist-before_image"},"_links":{"self":[{"href":"https:\/\/millewnordiskdesign.se\/en\/wp-json\/wp\/v2\/product\/9503","targetHints":{"allow":["GET"]}}],"collection":[{"href":"https:\/\/millewnordiskdesign.se\/en\/wp-json\/wp\/v2\/product"}],"about":[{"href":"https:\/\/millewnordiskdesign.se\/en\/wp-json\/wp\/v2\/types\/product"}],"wp:featuredmedia":[{"embeddable":true,"href":"https:\/\/millewnordiskdesign.se\/en\/wp-json\/wp\/v2\/media\/9328"}],"wp:attachment":[{"href":"https:\/\/millewnordiskdesign.se\/en\/wp-json\/wp\/v2\/media?parent=9503"}],"wp:term":[{"taxonomy":"product_brand","embeddable":true,"href":"https:\/\/millewnordiskdesign.se\/en\/wp-json\/wp\/v2\/product_brand?post=9503"},{"taxonomy":"product_cat","embeddable":true,"href":"https:\/\/millewnordiskdesign.se\/en\/wp-json\/wp\/v2\/product_cat?post=9503"},{"taxonomy":"product_tag","embeddable":true,"href":"https:\/\/millewnordiskdesign.se\/en\/wp-json\/wp\/v2\/product_tag?post=9503"}],"curies":[{"name":"wp","href":"https:\/\/api.w.org\/{rel}","templated":true}]}}