{"id":9466,"date":"2024-10-01T19:08:33","date_gmt":"2024-10-01T19:08:33","guid":{"rendered":"https:\/\/millewnordiskdesign.se\/?post_type=product&#038;p=9466"},"modified":"2026-03-25T08:38:03","modified_gmt":"2026-03-25T08:38:03","slug":"hummer-bestickhallare","status":"publish","type":"product","link":"https:\/\/millewnordiskdesign.se\/en\/product\/hummer-bestickhallare\/","title":{"rendered":"Hummer Bestickh\u00e5llare"},"content":{"rendered":"","protected":false},"excerpt":{"rendered":"<p>MiLLE W NORDISK DESIGNs Hummer Bestickh\u00e5llare tillverkade av \u00e5tervunnet l\u00e4der som ger kr\u00e4ftskivan det d\u00e4r lill extra vid en fin dukning. Med \u00e5tervunnet l\u00e4der f\u00e5r man k\u00e4nslan och doften fr\u00e5n l\u00e4der, blandningen av naturgummi g\u00f6r dem vattenavvisande med h\u00f6g slitstyrka. Det g\u00f6r dem mycket l\u00e4tta att reng\u00f6ra med diskmedel och en mjuk trasa, samtidigt som de blir en vacker inredningsdetalj p\u00e5 bordet.<\/p>","protected":false},"featured_media":9367,"template":"","meta":{"_seopress_robots_primary_cat":"none","_seopress_titles_title":"","_seopress_titles_desc":"MiLLE W NORDISK DESIGNs Hummer Bestickh\u00e5llare tillverkade av \u00e5tervunnet l\u00e4der som ger kr\u00e4ftskivan det d\u00e4r lill extra vid en fin dukning. Med \u00e5tervunnet l\u00e4der f\u00e5r man k\u00e4nslan och doften fr\u00e5n l\u00e4der, blandningen av naturgummi g\u00f6r dem vattenavvisande med h\u00f6g slitstyrka. Det g\u00f6r dem mycket l\u00e4tta att reng\u00f6ra med diskmedel och en mjuk trasa, samtidigt som de blir en vacker inredningsdetalj p\u00e5 bordet.","_seopress_robots_index":""},"product_brand":[],"product_cat":[32,18],"product_tag":[],"class_list":{"0":"post-9466","1":"product","2":"type-product","3":"status-publish","4":"has-post-thumbnail","6":"product_cat-servettringar","7":"product_cat-uncategorized","9":"first","10":"instock","11":"taxable","12":"shipping-taxable","13":"purchasable","14":"product-type-variable","15":"add-to-wishlist-before_image"},"_links":{"self":[{"href":"https:\/\/millewnordiskdesign.se\/en\/wp-json\/wp\/v2\/product\/9466","targetHints":{"allow":["GET"]}}],"collection":[{"href":"https:\/\/millewnordiskdesign.se\/en\/wp-json\/wp\/v2\/product"}],"about":[{"href":"https:\/\/millewnordiskdesign.se\/en\/wp-json\/wp\/v2\/types\/product"}],"wp:featuredmedia":[{"embeddable":true,"href":"https:\/\/millewnordiskdesign.se\/en\/wp-json\/wp\/v2\/media\/9367"}],"wp:attachment":[{"href":"https:\/\/millewnordiskdesign.se\/en\/wp-json\/wp\/v2\/media?parent=9466"}],"wp:term":[{"taxonomy":"product_brand","embeddable":true,"href":"https:\/\/millewnordiskdesign.se\/en\/wp-json\/wp\/v2\/product_brand?post=9466"},{"taxonomy":"product_cat","embeddable":true,"href":"https:\/\/millewnordiskdesign.se\/en\/wp-json\/wp\/v2\/product_cat?post=9466"},{"taxonomy":"product_tag","embeddable":true,"href":"https:\/\/millewnordiskdesign.se\/en\/wp-json\/wp\/v2\/product_tag?post=9466"}],"curies":[{"name":"wp","href":"https:\/\/api.w.org\/{rel}","templated":true}]}}