{"id":9446,"date":"2024-10-01T18:38:30","date_gmt":"2024-10-01T18:38:30","guid":{"rendered":"https:\/\/millewnordiskdesign.se\/?post_type=product&#038;p=9446"},"modified":"2026-03-23T20:34:37","modified_gmt":"2026-03-23T20:34:37","slug":"servettringar-stjarna","status":"publish","type":"product","link":"https:\/\/millewnordiskdesign.se\/en\/product\/servettringar-stjarna\/","title":{"rendered":"Servettring Star"},"content":{"rendered":"","protected":false},"excerpt":{"rendered":"<p>Servettring Stj\u00e4rna i unik nordisk design handgjord av \u00e5tervunnet l\u00e4der i Sverige.<\/p>\n<p>Dimensioner:<\/p>\n<p>Diameter: 6 cm<\/p>\n<p>H\u00f6jd: 4 cm<\/p>","protected":false},"featured_media":9384,"template":"","meta":{"_seopress_robots_primary_cat":"none","_seopress_titles_title":"","_seopress_titles_desc":"Servettring Stj\u00e4rna i unik nordisk design handgjord av \u00e5tervunnet l\u00e4der i Sverige.","_seopress_robots_index":""},"product_brand":[],"product_cat":[32,18],"product_tag":[],"class_list":{"0":"post-9446","1":"product","2":"type-product","3":"status-publish","4":"has-post-thumbnail","6":"product_cat-servettringar","7":"product_cat-uncategorized","9":"first","10":"instock","11":"taxable","12":"shipping-taxable","13":"purchasable","14":"product-type-variable","15":"add-to-wishlist-before_image"},"_links":{"self":[{"href":"https:\/\/millewnordiskdesign.se\/en\/wp-json\/wp\/v2\/product\/9446","targetHints":{"allow":["GET"]}}],"collection":[{"href":"https:\/\/millewnordiskdesign.se\/en\/wp-json\/wp\/v2\/product"}],"about":[{"href":"https:\/\/millewnordiskdesign.se\/en\/wp-json\/wp\/v2\/types\/product"}],"wp:featuredmedia":[{"embeddable":true,"href":"https:\/\/millewnordiskdesign.se\/en\/wp-json\/wp\/v2\/media\/9384"}],"wp:attachment":[{"href":"https:\/\/millewnordiskdesign.se\/en\/wp-json\/wp\/v2\/media?parent=9446"}],"wp:term":[{"taxonomy":"product_brand","embeddable":true,"href":"https:\/\/millewnordiskdesign.se\/en\/wp-json\/wp\/v2\/product_brand?post=9446"},{"taxonomy":"product_cat","embeddable":true,"href":"https:\/\/millewnordiskdesign.se\/en\/wp-json\/wp\/v2\/product_cat?post=9446"},{"taxonomy":"product_tag","embeddable":true,"href":"https:\/\/millewnordiskdesign.se\/en\/wp-json\/wp\/v2\/product_tag?post=9446"}],"curies":[{"name":"wp","href":"https:\/\/api.w.org\/{rel}","templated":true}]}}