{"id":9438,"date":"2024-10-01T18:15:17","date_gmt":"2024-10-01T18:15:17","guid":{"rendered":"https:\/\/millewnordiskdesign.se\/?post_type=product&#038;p=9438"},"modified":"2026-03-25T08:49:13","modified_gmt":"2026-03-25T08:49:13","slug":"julgran-3-pack","status":"publish","type":"product","link":"https:\/\/millewnordiskdesign.se\/en\/product\/julgran-3-pack\/","title":{"rendered":"Julgran 3-pack"},"content":{"rendered":"","protected":false},"excerpt":{"rendered":"<p>MiLLE W NORDISK DESIGNs Jul gran \u00e4r tillverkad av \u00e5tervunnet l\u00e4der och \u00e4r handgjord i Sverige. Med \u00e5tervunnet l\u00e4der f\u00e5r man k\u00e4nslan och doften fr\u00e5n l\u00e4der, blandningen av naturgummi g\u00f6r dem vattenavvisande med h\u00f6g slitstyrka. Det g\u00f6r dem mycket l\u00e4tta att reng\u00f6ra med diskmedel och en mjuk trasa. Julgranarna har h\u00f6jden \u00e4r 9 cm, 12 cm och 14 cm<\/p>\n<p>&nbsp;<\/p>","protected":false},"featured_media":9341,"template":"","meta":{"_seopress_robots_primary_cat":"none","_seopress_titles_title":"","_seopress_titles_desc":"MiLLE W NORDISK DESIGNs Julgran \u00e4r tillverkad av \u00e5tervunnet l\u00e4der och \u00e4r handgjord i Sverige. Med \u00e5tervunnet l\u00e4der f\u00e5r man k\u00e4nslan och doften fr\u00e5n l\u00e4der, blandningen av naturgummi g\u00f6r dem vattenavvisande med h\u00f6g slitstyrka. Det g\u00f6r dem mycket l\u00e4tta att reng\u00f6ra med diskmedel och en mjuk trasa.","_seopress_robots_index":""},"product_brand":[],"product_cat":[107,18],"product_tag":[],"class_list":{"0":"post-9438","1":"product","2":"type-product","3":"status-publish","4":"has-post-thumbnail","6":"product_cat-jul","7":"product_cat-uncategorized","9":"first","10":"instock","11":"taxable","12":"shipping-taxable","13":"purchasable","14":"product-type-variable","15":"add-to-wishlist-before_image"},"_links":{"self":[{"href":"https:\/\/millewnordiskdesign.se\/en\/wp-json\/wp\/v2\/product\/9438","targetHints":{"allow":["GET"]}}],"collection":[{"href":"https:\/\/millewnordiskdesign.se\/en\/wp-json\/wp\/v2\/product"}],"about":[{"href":"https:\/\/millewnordiskdesign.se\/en\/wp-json\/wp\/v2\/types\/product"}],"wp:featuredmedia":[{"embeddable":true,"href":"https:\/\/millewnordiskdesign.se\/en\/wp-json\/wp\/v2\/media\/9341"}],"wp:attachment":[{"href":"https:\/\/millewnordiskdesign.se\/en\/wp-json\/wp\/v2\/media?parent=9438"}],"wp:term":[{"taxonomy":"product_brand","embeddable":true,"href":"https:\/\/millewnordiskdesign.se\/en\/wp-json\/wp\/v2\/product_brand?post=9438"},{"taxonomy":"product_cat","embeddable":true,"href":"https:\/\/millewnordiskdesign.se\/en\/wp-json\/wp\/v2\/product_cat?post=9438"},{"taxonomy":"product_tag","embeddable":true,"href":"https:\/\/millewnordiskdesign.se\/en\/wp-json\/wp\/v2\/product_tag?post=9438"}],"curies":[{"name":"wp","href":"https:\/\/api.w.org\/{rel}","templated":true}]}}