{"id":2223,"date":"2024-09-23T18:43:04","date_gmt":"2024-09-23T18:43:04","guid":{"rendered":"https:\/\/millewnordiskdesign.se\/?post_type=product&#038;p=2223"},"modified":"2025-09-24T07:18:41","modified_gmt":"2025-09-24T07:18:41","slug":"flaggspel-2-meter","status":"publish","type":"product","link":"https:\/\/millewnordiskdesign.se\/en\/product\/flaggspel-2-meter\/","title":{"rendered":"Flaggspel 2 meter"},"content":{"rendered":"","protected":false},"excerpt":{"rendered":"<p data-start=\"137\" data-end=\"368\">MiLLE W:s flaggspel, tillverkat i h\u00e5llbart \u00e5tervunnet l\u00e4der. \u00a0Flaggspelen finns i tv\u00e5 varianter \u00a0med 6 eller 9 flaggor, \u00a0i f\u00e4rgerna beige, gr\u00e5, brun och svart.<\/p>\n<p data-start=\"370\" data-end=\"471\">Du kan \u00e4ven v\u00e4lja mellan beige eller svart sn\u00f6re, s\u00e5 att flaggspelet matchar just din mysiga inredning.<\/p>\n<p data-start=\"473\" data-end=\"655\">","protected":false},"featured_media":9401,"template":"","meta":{"_seopress_robots_primary_cat":"none","_seopress_titles_title":"","_seopress_titles_desc":"","_seopress_robots_index":""},"product_brand":[],"product_cat":[104],"product_tag":[],"class_list":{"0":"post-2223","1":"product","2":"type-product","3":"status-publish","4":"has-post-thumbnail","6":"product_cat-flaggspel","8":"first","9":"instock","10":"taxable","11":"shipping-taxable","12":"product-type-simple","13":"add-to-wishlist-before_image"},"_links":{"self":[{"href":"https:\/\/millewnordiskdesign.se\/en\/wp-json\/wp\/v2\/product\/2223","targetHints":{"allow":["GET"]}}],"collection":[{"href":"https:\/\/millewnordiskdesign.se\/en\/wp-json\/wp\/v2\/product"}],"about":[{"href":"https:\/\/millewnordiskdesign.se\/en\/wp-json\/wp\/v2\/types\/product"}],"wp:featuredmedia":[{"embeddable":true,"href":"https:\/\/millewnordiskdesign.se\/en\/wp-json\/wp\/v2\/media\/9401"}],"wp:attachment":[{"href":"https:\/\/millewnordiskdesign.se\/en\/wp-json\/wp\/v2\/media?parent=2223"}],"wp:term":[{"taxonomy":"product_brand","embeddable":true,"href":"https:\/\/millewnordiskdesign.se\/en\/wp-json\/wp\/v2\/product_brand?post=2223"},{"taxonomy":"product_cat","embeddable":true,"href":"https:\/\/millewnordiskdesign.se\/en\/wp-json\/wp\/v2\/product_cat?post=2223"},{"taxonomy":"product_tag","embeddable":true,"href":"https:\/\/millewnordiskdesign.se\/en\/wp-json\/wp\/v2\/product_tag?post=2223"}],"curies":[{"name":"wp","href":"https:\/\/api.w.org\/{rel}","templated":true}]}}