{"id":1581,"date":"2022-10-25T11:58:15","date_gmt":"2022-10-25T11:58:15","guid":{"rendered":"https:\/\/millewnordiskdesign.se\/?post_type=product&#038;p=1581"},"modified":"2025-04-19T18:18:35","modified_gmt":"2025-04-19T18:18:35","slug":"polar-lights-pendel-medium","status":"publish","type":"product","link":"https:\/\/millewnordiskdesign.se\/en\/product\/polar-lights-pendel-medium\/","title":{"rendered":"Polar Lights Pendel Medium"},"content":{"rendered":"<p>MiLLE W NORDISK DESIGNs Pendel Lampa \u00e4r handgjord i Sverige och tillverkad av \u00e5tervunnet l\u00e4der. Pendeln ger ett varmt vackert sken med reflektionen i tak och p\u00e5 omgivande v\u00e4ggar. Pendeln levereras med 3 meter tygkabel i matchande f\u00e4rg med det \u00e5tervunna l\u00e4dret samt ledlampa.<\/p>\n<p>Dimension: Height 25cm, diameter 16cm<\/p>\n<p>Material: 80% recycled leather, 20% natural rubber<\/p>","protected":false},"excerpt":{"rendered":"<p>MiLLE W NORDISK DESIGN's Pendant Lamp is handmade in Sweden and made of recycled leather. Pendel n gives a warm, beautiful glow with the reflection on the ceiling and on the surrounding walls. Pendel n is delivered with 3 meters of fabric cable in matching color with the recycled leather and LED light.<\/p>\n<p>Dimension: Height 25cm, diameter 16cm<\/p>\n<p>Material: 80% recycled leather, 20% natural rubber<\/p>","protected":false},"featured_media":9865,"template":"","meta":{"_seopress_robots_primary_cat":"none","_seopress_titles_title":"","_seopress_titles_desc":"","_seopress_robots_index":""},"product_brand":[],"product_cat":[99],"product_tag":[],"class_list":{"0":"post-1581","1":"product","2":"type-product","3":"status-publish","4":"has-post-thumbnail","6":"product_cat-pendel","8":"first","9":"instock","10":"taxable","11":"shipping-taxable","12":"purchasable","13":"product-type-variable","14":"has-default-attributes","15":"add-to-wishlist-before_image"},"_links":{"self":[{"href":"https:\/\/millewnordiskdesign.se\/en\/wp-json\/wp\/v2\/product\/1581","targetHints":{"allow":["GET"]}}],"collection":[{"href":"https:\/\/millewnordiskdesign.se\/en\/wp-json\/wp\/v2\/product"}],"about":[{"href":"https:\/\/millewnordiskdesign.se\/en\/wp-json\/wp\/v2\/types\/product"}],"wp:featuredmedia":[{"embeddable":true,"href":"https:\/\/millewnordiskdesign.se\/en\/wp-json\/wp\/v2\/media\/9865"}],"wp:attachment":[{"href":"https:\/\/millewnordiskdesign.se\/en\/wp-json\/wp\/v2\/media?parent=1581"}],"wp:term":[{"taxonomy":"product_brand","embeddable":true,"href":"https:\/\/millewnordiskdesign.se\/en\/wp-json\/wp\/v2\/product_brand?post=1581"},{"taxonomy":"product_cat","embeddable":true,"href":"https:\/\/millewnordiskdesign.se\/en\/wp-json\/wp\/v2\/product_cat?post=1581"},{"taxonomy":"product_tag","embeddable":true,"href":"https:\/\/millewnordiskdesign.se\/en\/wp-json\/wp\/v2\/product_tag?post=1581"}],"curies":[{"name":"wp","href":"https:\/\/api.w.org\/{rel}","templated":true}]}}