{"id":1203,"date":"2022-10-20T11:04:33","date_gmt":"2022-10-20T11:04:33","guid":{"rendered":"https:\/\/millewnordiskdesign.se\/?post_type=product&#038;p=1203"},"modified":"2025-03-10T11:14:51","modified_gmt":"2025-03-10T11:14:51","slug":"bordstablet-barn-fjaril","status":"publish","type":"product","link":"https:\/\/millewnordiskdesign.se\/en\/product\/bordstablet-barn-fjaril\/","title":{"rendered":"Tablemat - Butterfly"},"content":{"rendered":"<p>V\u00e5ra bordstabletter \u00e4r en h\u00e5llbar inredningsdetalj tillverkad av \u00e5tervunnet l\u00e4der som \u00e4r GRS\u00ae-certifierat. Med \u00e5tervunnet l\u00e4der f\u00e5r man k\u00e4nslan och doften fr\u00e5n l\u00e4der, blandningen med naturgummi g\u00f6r dem vattenavvisande, v\u00e4rmet\u00e5liga med h\u00f6g slitstyrka. De \u00e4r mycket l\u00e4tta att reng\u00f6ra med diskmedel och en mjuk trasa. De \u00e4r designade och producerade i v\u00e5ra egna lokaler i Sverige<\/p>","protected":false},"excerpt":{"rendered":"<p>V\u00e5ra bordstabletter \u00e4r en h\u00e5llbar inredningsdetalj tillverkad av \u00e5tervunnet l\u00e4der som \u00e4r GRS\u00ae-certifierat. Med \u00e5tervunnet l\u00e4der f\u00e5r man k\u00e4nslan och doften fr\u00e5n l\u00e4der, blandningen med naturgummi g\u00f6r dem vattenavvisande, v\u00e4rmet\u00e5liga med h\u00f6g slitstyrka. De \u00e4r mycket l\u00e4tta att reng\u00f6ra med diskmedel och en mjuk trasa, bordstabletten. De \u00e4r designade och producerade i v\u00e5ra egna lokaler i Sverige<\/p>\n<p>Dimension: 48cm x 36cm x 2mm<\/p>\n<p>Material: 80% recycled leather, 20% natural rubber<\/p>","protected":false},"featured_media":9111,"template":"","meta":{"_seopress_robots_primary_cat":"none","_seopress_titles_title":"","_seopress_titles_desc":"","_seopress_robots_index":""},"product_brand":[],"product_cat":[34],"product_tag":[],"class_list":{"0":"post-1203","1":"product","2":"type-product","3":"status-publish","4":"has-post-thumbnail","6":"product_cat-barn","8":"first","9":"instock","10":"taxable","11":"shipping-taxable","12":"purchasable","13":"product-type-variable","14":"has-default-attributes","15":"add-to-wishlist-before_image"},"_links":{"self":[{"href":"https:\/\/millewnordiskdesign.se\/en\/wp-json\/wp\/v2\/product\/1203","targetHints":{"allow":["GET"]}}],"collection":[{"href":"https:\/\/millewnordiskdesign.se\/en\/wp-json\/wp\/v2\/product"}],"about":[{"href":"https:\/\/millewnordiskdesign.se\/en\/wp-json\/wp\/v2\/types\/product"}],"wp:featuredmedia":[{"embeddable":true,"href":"https:\/\/millewnordiskdesign.se\/en\/wp-json\/wp\/v2\/media\/9111"}],"wp:attachment":[{"href":"https:\/\/millewnordiskdesign.se\/en\/wp-json\/wp\/v2\/media?parent=1203"}],"wp:term":[{"taxonomy":"product_brand","embeddable":true,"href":"https:\/\/millewnordiskdesign.se\/en\/wp-json\/wp\/v2\/product_brand?post=1203"},{"taxonomy":"product_cat","embeddable":true,"href":"https:\/\/millewnordiskdesign.se\/en\/wp-json\/wp\/v2\/product_cat?post=1203"},{"taxonomy":"product_tag","embeddable":true,"href":"https:\/\/millewnordiskdesign.se\/en\/wp-json\/wp\/v2\/product_tag?post=1203"}],"curies":[{"name":"wp","href":"https:\/\/api.w.org\/{rel}","templated":true}]}}