{"id":10215,"date":"2026-02-11T09:59:24","date_gmt":"2026-02-11T09:59:24","guid":{"rendered":"https:\/\/millewnordiskdesign.se\/?post_type=product&#038;p=10215"},"modified":"2026-02-24T17:16:13","modified_gmt":"2026-02-24T17:16:13","slug":"bordstablett-vintage","status":"publish","type":"product","link":"https:\/\/millewnordiskdesign.se\/en\/product\/bordstablett-vintage\/","title":{"rendered":"Bordstablett \u2013 Vintage"},"content":{"rendered":"<p>V\u00e5ra bordstabletter \u00e4r en h\u00e5llbar inredningsdetalj tillverkad av \u00e5tervunnet l\u00e4der som \u00e4r GRS\u00ae-certifierat. Med \u00e5tervunnet l\u00e4der f\u00e5r man k\u00e4nslan och doften fr\u00e5n l\u00e4der, blandningen med naturgummi g\u00f6r dem vattenavvisande, v\u00e4rmet\u00e5liga med h\u00f6g slitstyrka. De \u00e4r mycket l\u00e4tta att reng\u00f6ra med diskmedel och en mjuk trasa, bordstabletten Vintage har nyt\u00e4nkande form som tagits fram f\u00f6r att skapa en vacker bordsdukning. bordstabletter finns \u00e4ven i flera olika f\u00e4rger, vilket ger m\u00e5nga olika m\u00f6jligheter f\u00f6r din dukning. De \u00e4r designade och producerade i v\u00e5ra egna lokaler i Sverige<\/p>","protected":false},"excerpt":{"rendered":"<p>Our placemats are a durable interior detail made from recycled leather that is GRS\u00ae certified. With recycled leather you get the feel and smell of leather, the mixture with natural rubber makes them water-repellent, heat-resistant with high wear resistance. They are very easy to clean with washing-up liquid and a soft cloth, the Seashell placemat has an innovative shape that was developed to create a beautiful table setting. placemats are also available in several different colors, which gives many different possibilities for your table setting. They are designed and produced in our own premises in Sweden.<\/p>\n<p>Dimension: 47cm x 37cm x 2mm (shell shape)<\/p>\n<p>Material: 80% recycled leather, 20% natural rubber<\/p>","protected":false},"featured_media":10241,"template":"","meta":{"_seopress_robots_primary_cat":"none","_seopress_titles_title":"","_seopress_titles_desc":"","_seopress_robots_index":""},"product_brand":[],"product_cat":[21],"product_tag":[],"class_list":{"0":"post-10215","1":"product","2":"type-product","3":"status-publish","4":"has-post-thumbnail","6":"product_cat-bordstabletter","8":"first","9":"instock","10":"taxable","11":"shipping-taxable","12":"purchasable","13":"product-type-variable","14":"add-to-wishlist-before_image"},"_links":{"self":[{"href":"https:\/\/millewnordiskdesign.se\/en\/wp-json\/wp\/v2\/product\/10215","targetHints":{"allow":["GET"]}}],"collection":[{"href":"https:\/\/millewnordiskdesign.se\/en\/wp-json\/wp\/v2\/product"}],"about":[{"href":"https:\/\/millewnordiskdesign.se\/en\/wp-json\/wp\/v2\/types\/product"}],"wp:featuredmedia":[{"embeddable":true,"href":"https:\/\/millewnordiskdesign.se\/en\/wp-json\/wp\/v2\/media\/10241"}],"wp:attachment":[{"href":"https:\/\/millewnordiskdesign.se\/en\/wp-json\/wp\/v2\/media?parent=10215"}],"wp:term":[{"taxonomy":"product_brand","embeddable":true,"href":"https:\/\/millewnordiskdesign.se\/en\/wp-json\/wp\/v2\/product_brand?post=10215"},{"taxonomy":"product_cat","embeddable":true,"href":"https:\/\/millewnordiskdesign.se\/en\/wp-json\/wp\/v2\/product_cat?post=10215"},{"taxonomy":"product_tag","embeddable":true,"href":"https:\/\/millewnordiskdesign.se\/en\/wp-json\/wp\/v2\/product_tag?post=10215"}],"curies":[{"name":"wp","href":"https:\/\/api.w.org\/{rel}","templated":true}]}}