{"id":10103,"date":"2025-09-22T20:14:50","date_gmt":"2025-09-22T20:14:50","guid":{"rendered":"https:\/\/millewnordiskdesign.se\/?post_type=product&#038;p=10103"},"modified":"2025-09-22T20:20:32","modified_gmt":"2025-09-22T20:20:32","slug":"dryckunderlagg-ananas","status":"publish","type":"product","link":"https:\/\/millewnordiskdesign.se\/en\/product\/dryckunderlagg-ananas\/","title":{"rendered":"Dryckunderl\u00e4gg \u2013 Ananas"},"content":{"rendered":"","protected":false},"excerpt":{"rendered":"<p>MiLLE W NORDISK DESIGNs ananas underl\u00e4gg \u00e4r tillverkade av \u00e5tervunnet l\u00e4der. Med \u00e5tervunnet l\u00e4der f\u00e5r man k\u00e4nslan och doften fr\u00e5n l\u00e4der, blandningen av naturgummi g\u00f6r dem vattenavvisande med h\u00f6g slitstyrka. Det g\u00f6r dem mycket l\u00e4tta att reng\u00f6ra med diskmedel och en mjuk trasa, samtidigt som de blir en vacker inredningsdetalj p\u00e5 bordet.<\/p>\n<p>Dimension: 22 x 16 cm<\/p>\n<p>Material: 80% recycled leather, 20% natural rubber<\/p>","protected":false},"featured_media":10035,"template":"","meta":{"_seopress_robots_primary_cat":"none","_seopress_titles_title":"","_seopress_titles_desc":"","_seopress_robots_index":""},"product_brand":[],"product_cat":[27],"product_tag":[],"class_list":{"0":"post-10103","1":"product","2":"type-product","3":"status-publish","4":"has-post-thumbnail","6":"product_cat-dryckunderlagg","8":"first","9":"instock","10":"taxable","11":"shipping-taxable","12":"purchasable","13":"product-type-variable","14":"add-to-wishlist-before_image"},"_links":{"self":[{"href":"https:\/\/millewnordiskdesign.se\/en\/wp-json\/wp\/v2\/product\/10103","targetHints":{"allow":["GET"]}}],"collection":[{"href":"https:\/\/millewnordiskdesign.se\/en\/wp-json\/wp\/v2\/product"}],"about":[{"href":"https:\/\/millewnordiskdesign.se\/en\/wp-json\/wp\/v2\/types\/product"}],"wp:featuredmedia":[{"embeddable":true,"href":"https:\/\/millewnordiskdesign.se\/en\/wp-json\/wp\/v2\/media\/10035"}],"wp:attachment":[{"href":"https:\/\/millewnordiskdesign.se\/en\/wp-json\/wp\/v2\/media?parent=10103"}],"wp:term":[{"taxonomy":"product_brand","embeddable":true,"href":"https:\/\/millewnordiskdesign.se\/en\/wp-json\/wp\/v2\/product_brand?post=10103"},{"taxonomy":"product_cat","embeddable":true,"href":"https:\/\/millewnordiskdesign.se\/en\/wp-json\/wp\/v2\/product_cat?post=10103"},{"taxonomy":"product_tag","embeddable":true,"href":"https:\/\/millewnordiskdesign.se\/en\/wp-json\/wp\/v2\/product_tag?post=10103"}],"curies":[{"name":"wp","href":"https:\/\/api.w.org\/{rel}","templated":true}]}}