{"id":10098,"date":"2025-09-22T19:57:42","date_gmt":"2025-09-22T19:57:42","guid":{"rendered":"https:\/\/millewnordiskdesign.se\/?post_type=product&#038;p=10098"},"modified":"2025-09-22T20:08:16","modified_gmt":"2025-09-22T20:08:16","slug":"grytunderlagg-alg-copy","status":"publish","type":"product","link":"https:\/\/millewnordiskdesign.se\/en\/product\/grytunderlagg-alg-copy\/","title":{"rendered":"Underl\u00e4gg &#8211; Tekanna"},"content":{"rendered":"","protected":false},"excerpt":{"rendered":"<p>MiLLE W NORDISK DESIGNs underl\u00e4gg tekanna \u00e4r tillverkad av \u00e5tervunnet l\u00e4der. Med \u00e5tervunnet l\u00e4der f\u00e5r man k\u00e4nslan och doften fr\u00e5n l\u00e4dret medan blandningen av naturgummi g\u00f6r dem vattenavvisande med h\u00f6g slitstyrka. De t\u00e5l en v\u00e4rme p\u00e5 120\u00b0C, och skyddar underlaget mot varma grytor och kastruller. De \u00e4r mycket l\u00e4tta att reng\u00f6ra med diskmedel och en mjuk trasa, samtidigt som de blir en vacker inredningsdetalj i k\u00f6ket.<\/p>\n<p>Dimension: Diameter 21 x 27 cm, tjocklek 2 mm<\/p>\n<p>Material: 80% recycled leather, 20% natural rubber<\/p>","protected":false},"featured_media":10040,"template":"","meta":{"_seopress_robots_primary_cat":"none","_seopress_titles_title":"","_seopress_titles_desc":"","_seopress_robots_index":""},"product_brand":[],"product_cat":[41],"product_tag":[],"class_list":{"0":"post-10098","1":"product","2":"type-product","3":"status-publish","4":"has-post-thumbnail","6":"product_cat-grytunderlagg","8":"first","9":"instock","10":"taxable","11":"shipping-taxable","12":"purchasable","13":"product-type-variable","14":"has-default-attributes","15":"add-to-wishlist-before_image"},"_links":{"self":[{"href":"https:\/\/millewnordiskdesign.se\/en\/wp-json\/wp\/v2\/product\/10098","targetHints":{"allow":["GET"]}}],"collection":[{"href":"https:\/\/millewnordiskdesign.se\/en\/wp-json\/wp\/v2\/product"}],"about":[{"href":"https:\/\/millewnordiskdesign.se\/en\/wp-json\/wp\/v2\/types\/product"}],"wp:featuredmedia":[{"embeddable":true,"href":"https:\/\/millewnordiskdesign.se\/en\/wp-json\/wp\/v2\/media\/10040"}],"wp:attachment":[{"href":"https:\/\/millewnordiskdesign.se\/en\/wp-json\/wp\/v2\/media?parent=10098"}],"wp:term":[{"taxonomy":"product_brand","embeddable":true,"href":"https:\/\/millewnordiskdesign.se\/en\/wp-json\/wp\/v2\/product_brand?post=10098"},{"taxonomy":"product_cat","embeddable":true,"href":"https:\/\/millewnordiskdesign.se\/en\/wp-json\/wp\/v2\/product_cat?post=10098"},{"taxonomy":"product_tag","embeddable":true,"href":"https:\/\/millewnordiskdesign.se\/en\/wp-json\/wp\/v2\/product_tag?post=10098"}],"curies":[{"name":"wp","href":"https:\/\/api.w.org\/{rel}","templated":true}]}}