{"id":10093,"date":"2025-09-22T19:44:59","date_gmt":"2025-09-22T19:44:59","guid":{"rendered":"https:\/\/millewnordiskdesign.se\/?post_type=product&#038;p=10093"},"modified":"2025-09-22T20:13:37","modified_gmt":"2025-09-22T20:13:37","slug":"glasmarkorer-nordisk-2","status":"publish","type":"product","link":"https:\/\/millewnordiskdesign.se\/en\/product\/glasmarkorer-nordisk-2\/","title":{"rendered":"Glasmark\u00f6rer Jul"},"content":{"rendered":"<p>Glasmark\u00f6rer i jul design handgjord av \u00e5tervunnet l\u00e4der i Sverige. Ett vackert s\u00e4tt att h\u00e5lla ordning p\u00e5 sitt eget glas s\u00e5 att det inte f\u00f6rv\u00e4xlas med n\u00e5gon annan.<\/p>","protected":false},"excerpt":{"rendered":"<p>Glasmark\u00f6rer i jul design handgjord av \u00e5tervunnet l\u00e4der i Sverige. Ett vackert s\u00e4tt att h\u00e5lla ordning p\u00e5 sitt eget glas s\u00e5 att det inte f\u00f6rv\u00e4xlas med n\u00e5gon annan.<\/p>","protected":false},"featured_media":10078,"template":"","meta":{"_seopress_robots_primary_cat":"none","_seopress_titles_title":"","_seopress_titles_desc":"","_seopress_robots_index":""},"product_brand":[],"product_cat":[124],"product_tag":[],"class_list":{"0":"post-10093","1":"product","2":"type-product","3":"status-publish","4":"has-post-thumbnail","6":"product_cat-glass-charms-kok","8":"first","9":"instock","10":"taxable","11":"shipping-taxable","12":"purchasable","13":"product-type-variable","14":"add-to-wishlist-before_image"},"_links":{"self":[{"href":"https:\/\/millewnordiskdesign.se\/en\/wp-json\/wp\/v2\/product\/10093","targetHints":{"allow":["GET"]}}],"collection":[{"href":"https:\/\/millewnordiskdesign.se\/en\/wp-json\/wp\/v2\/product"}],"about":[{"href":"https:\/\/millewnordiskdesign.se\/en\/wp-json\/wp\/v2\/types\/product"}],"wp:featuredmedia":[{"embeddable":true,"href":"https:\/\/millewnordiskdesign.se\/en\/wp-json\/wp\/v2\/media\/10078"}],"wp:attachment":[{"href":"https:\/\/millewnordiskdesign.se\/en\/wp-json\/wp\/v2\/media?parent=10093"}],"wp:term":[{"taxonomy":"product_brand","embeddable":true,"href":"https:\/\/millewnordiskdesign.se\/en\/wp-json\/wp\/v2\/product_brand?post=10093"},{"taxonomy":"product_cat","embeddable":true,"href":"https:\/\/millewnordiskdesign.se\/en\/wp-json\/wp\/v2\/product_cat?post=10093"},{"taxonomy":"product_tag","embeddable":true,"href":"https:\/\/millewnordiskdesign.se\/en\/wp-json\/wp\/v2\/product_tag?post=10093"}],"curies":[{"name":"wp","href":"https:\/\/api.w.org\/{rel}","templated":true}]}}