{"id":546,"date":"2022-10-13T09:40:22","date_gmt":"2022-10-13T09:40:22","guid":{"rendered":"https:\/\/millewnordiskdesign.se\/?page_id=546"},"modified":"2024-10-21T18:07:38","modified_gmt":"2024-10-21T18:07:38","slug":"var-berattelse","status":"publish","type":"page","link":"https:\/\/millewnordiskdesign.se\/en\/var-berattelse\/","title":{"rendered":"Our story"},"content":{"rendered":"<div data-elementor-type=\"wp-page\" data-elementor-id=\"546\" class=\"elementor elementor-546\">\n\t\t\t\t\t\t<section class=\"elementor-section elementor-top-section elementor-element elementor-element-76a1db2 elementor-section-height-min-height elementor-section-boxed elementor-section-height-default elementor-section-items-middle\" data-id=\"76a1db2\" data-element_type=\"section\" data-e-type=\"section\" data-settings=\"{&quot;background_background&quot;:&quot;classic&quot;}\">\n\t\t\t\t\t\t<div class=\"elementor-container elementor-column-gap-default\">\n\t\t\t\t\t<div class=\"elementor-column elementor-col-100 elementor-top-column elementor-element elementor-element-4165a70\" data-id=\"4165a70\" data-element_type=\"column\" data-e-type=\"column\">\n\t\t\t<div class=\"elementor-widget-wrap elementor-element-populated\">\n\t\t\t\t\t\t<div class=\"elementor-element elementor-element-0b1e285 elementor-widget elementor-widget-heading\" data-id=\"0b1e285\" data-element_type=\"widget\" data-e-type=\"widget\" data-widget_type=\"heading.default\">\n\t\t\t\t<div class=\"elementor-widget-container\">\n\t\t\t\t\t<h1 class=\"elementor-heading-title elementor-size-default\">Our story<\/h1>\t\t\t\t<\/div>\n\t\t\t\t<\/div>\n\t\t\t\t\t<\/div>\n\t\t<\/div>\n\t\t\t\t\t<\/div>\n\t\t<\/section>\n\t\t\t\t<section class=\"elementor-section elementor-top-section elementor-element elementor-element-86ba147 elementor-section-boxed elementor-section-height-default elementor-section-height-default\" data-id=\"86ba147\" data-element_type=\"section\" data-e-type=\"section\">\n\t\t\t\t\t\t<div class=\"elementor-container elementor-column-gap-default\">\n\t\t\t\t\t<div class=\"elementor-column elementor-col-100 elementor-top-column elementor-element elementor-element-fa0062a\" data-id=\"fa0062a\" data-element_type=\"column\" data-e-type=\"column\">\n\t\t\t<div class=\"elementor-widget-wrap elementor-element-populated\">\n\t\t\t\t\t\t<div class=\"elementor-element elementor-element-1d27100 elementor-widget__width-auto elementor-widget elementor-widget-heading\" data-id=\"1d27100\" data-element_type=\"widget\" data-e-type=\"widget\" data-widget_type=\"heading.default\">\n\t\t\t\t<div class=\"elementor-widget-container\">\n\t\t\t\t\t<h2 class=\"elementor-heading-title elementor-size-default\"><a href=\"https:\/\/millewnordiskdesign.se\/en\/\">Hem<\/a><\/h2>\t\t\t\t<\/div>\n\t\t\t\t<\/div>\n\t\t\t\t<div class=\"elementor-element elementor-element-77237a5 elementor-widget__width-auto elementor-view-default elementor-widget elementor-widget-icon\" data-id=\"77237a5\" data-element_type=\"widget\" data-e-type=\"widget\" data-widget_type=\"icon.default\">\n\t\t\t\t<div class=\"elementor-widget-container\">\n\t\t\t\t\t\t\t<div class=\"elementor-icon-wrapper\">\n\t\t\t<div class=\"elementor-icon\">\n\t\t\t<i aria-hidden=\"true\" class=\"fas fa-angle-right\"><\/i>\t\t\t<\/div>\n\t\t<\/div>\n\t\t\t\t\t\t<\/div>\n\t\t\t\t<\/div>\n\t\t\t\t<div class=\"elementor-element elementor-element-81803ed elementor-widget__width-auto elementor-widget elementor-widget-heading\" data-id=\"81803ed\" data-element_type=\"widget\" data-e-type=\"widget\" data-widget_type=\"heading.default\">\n\t\t\t\t<div class=\"elementor-widget-container\">\n\t\t\t\t\t<h2 class=\"elementor-heading-title elementor-size-default\">Our story<\/h2>\t\t\t\t<\/div>\n\t\t\t\t<\/div>\n\t\t\t\t\t<\/div>\n\t\t<\/div>\n\t\t\t\t\t<\/div>\n\t\t<\/section>\n\t\t\t\t<section class=\"elementor-section elementor-top-section elementor-element elementor-element-77ca20b elementor-section-boxed elementor-section-height-default elementor-section-height-default\" data-id=\"77ca20b\" data-element_type=\"section\" data-e-type=\"section\">\n\t\t\t\t\t\t<div class=\"elementor-container elementor-column-gap-default\">\n\t\t\t\t\t<div class=\"elementor-column elementor-col-50 elementor-top-column elementor-element elementor-element-045d8e9\" data-id=\"045d8e9\" data-element_type=\"column\" data-e-type=\"column\">\n\t\t\t<div class=\"elementor-widget-wrap elementor-element-populated\">\n\t\t\t\t\t\t<div class=\"elementor-element elementor-element-d57c0e8 elementor-widget elementor-widget-image\" data-id=\"d57c0e8\" data-element_type=\"widget\" data-e-type=\"widget\" data-widget_type=\"image.default\">\n\t\t\t\t<div class=\"elementor-widget-container\">\n\t\t\t\t\t\t\t\t\t\t\t\t\t\t\t<img fetchpriority=\"high\" decoding=\"async\" width=\"744\" height=\"540\" src=\"https:\/\/media.millewnordiskdesign.se\/2022\/10\/Rectangle-108.png\" class=\"attachment-full size-full wp-image-562\" alt=\"\" srcset=\"https:\/\/media.millewnordiskdesign.se\/2022\/10\/Rectangle-108.png 744w, https:\/\/media.millewnordiskdesign.se\/2022\/10\/Rectangle-108-600x435.png 600w, https:\/\/media.millewnordiskdesign.se\/2022\/10\/Rectangle-108-300x218.png 300w\" sizes=\"(max-width: 744px) 100vw, 744px\" \/>\t\t\t\t\t\t\t\t\t\t\t\t\t\t\t<\/div>\n\t\t\t\t<\/div>\n\t\t\t\t\t<\/div>\n\t\t<\/div>\n\t\t\t\t<div class=\"elementor-column elementor-col-50 elementor-top-column elementor-element elementor-element-06f0eec\" data-id=\"06f0eec\" data-element_type=\"column\" data-e-type=\"column\">\n\t\t\t<div class=\"elementor-widget-wrap elementor-element-populated\">\n\t\t\t\t\t\t<div class=\"elementor-element elementor-element-e0898f3 elementor-widget elementor-widget-text-editor\" data-id=\"e0898f3\" data-element_type=\"widget\" data-e-type=\"widget\" data-widget_type=\"text-editor.default\">\n\t\t\t\t<div class=\"elementor-widget-container\">\n\t\t\t\t\t\t\t\t\t<p>MiLLE W NORDISK DESIGN is a brand within Swedish-made sustainable interior and home furnishings. The company was founded in 2011 by Danish-born Camilla Wallin, who is the company's designer and owner. Throughout her working life, she has worked with fashion and lifestyle, which has given her solid experience in color and design language. It is the Scandinavian mix of shapes and materials that has given her the passion to create durable, high-quality products.<\/p><p>\u00a0<\/p><p>The through line of her products is our recycled leather which is GRS\u00ae certified (Global Recycled Standard), it is made from leather scraps from the fashion and furniture industry. The leather scraps are mixed with natural rubber, which is produced from the rubber tree. The recycled leather is of the highest quality, consisting of 80% leather and 20% natural rubber<\/p>\t\t\t\t\t\t\t\t<\/div>\n\t\t\t\t<\/div>\n\t\t\t\t\t<\/div>\n\t\t<\/div>\n\t\t\t\t\t<\/div>\n\t\t<\/section>\n\t\t\t\t<section class=\"elementor-section elementor-top-section elementor-element elementor-element-bd43c70 elementor-reverse-mobile elementor-section-boxed elementor-section-height-default elementor-section-height-default\" data-id=\"bd43c70\" data-element_type=\"section\" data-e-type=\"section\">\n\t\t\t\t\t\t<div class=\"elementor-container elementor-column-gap-default\">\n\t\t\t\t\t<div class=\"elementor-column elementor-col-50 elementor-top-column elementor-element elementor-element-7348e6e\" data-id=\"7348e6e\" data-element_type=\"column\" data-e-type=\"column\">\n\t\t\t<div class=\"elementor-widget-wrap elementor-element-populated\">\n\t\t\t\t\t\t<div class=\"elementor-element elementor-element-1465460 elementor-widget elementor-widget-text-editor\" data-id=\"1465460\" data-element_type=\"widget\" data-e-type=\"widget\" data-widget_type=\"text-editor.default\">\n\t\t\t\t<div class=\"elementor-widget-container\">\n\t\t\t\t\t\t\t\t\t<p>Our sustainable approach enables us to limit our environmental impact, without compromising on quality. The products are designed and manufactured in our own premises in Kullavik just south of Gothenburg. We have our production and office under the same roof, which means we can quickly go from idea to prototype.<\/p>\t\t\t\t\t\t\t\t<\/div>\n\t\t\t\t<\/div>\n\t\t\t\t\t<\/div>\n\t\t<\/div>\n\t\t\t\t<div class=\"elementor-column elementor-col-50 elementor-top-column elementor-element elementor-element-677244f\" data-id=\"677244f\" data-element_type=\"column\" data-e-type=\"column\">\n\t\t\t<div class=\"elementor-widget-wrap elementor-element-populated\">\n\t\t\t\t\t\t<div class=\"elementor-element elementor-element-61e4cf7 elementor-widget elementor-widget-image\" data-id=\"61e4cf7\" data-element_type=\"widget\" data-e-type=\"widget\" data-widget_type=\"image.default\">\n\t\t\t\t<div class=\"elementor-widget-container\">\n\t\t\t\t\t\t\t\t\t\t\t\t\t\t\t<img decoding=\"async\" width=\"744\" height=\"540\" src=\"https:\/\/media.millewnordiskdesign.se\/2022\/10\/Rectangle-108-1.png\" class=\"attachment-full size-full wp-image-633\" alt=\"\" srcset=\"https:\/\/media.millewnordiskdesign.se\/2022\/10\/Rectangle-108-1.png 744w, https:\/\/media.millewnordiskdesign.se\/2022\/10\/Rectangle-108-1-600x435.png 600w, https:\/\/media.millewnordiskdesign.se\/2022\/10\/Rectangle-108-1-300x218.png 300w\" sizes=\"(max-width: 744px) 100vw, 744px\" \/>\t\t\t\t\t\t\t\t\t\t\t\t\t\t\t<\/div>\n\t\t\t\t<\/div>\n\t\t\t\t\t<\/div>\n\t\t<\/div>\n\t\t\t\t\t<\/div>\n\t\t<\/section>\n\t\t\t\t<\/div>","protected":false},"excerpt":{"rendered":"<p>V\u00e5r ber\u00e4ttelse Hem V\u00e5r ber\u00e4ttelse MiLLE W NORDISK DESIGN \u00e4r ett varum\u00e4rke inom svensktillverkad h\u00e5llbar interi\u00f6r och heminredning. F\u00f6retaget grundades 2011 av danskf\u00f6dda Camilla Wallin, som \u00e4r f\u00f6retagets designer och \u00e4gare. Under hela hennes arbetsliv har hon arbetat med mode och livsstil, vilket givit henne en gedigen erfarenhet inom f\u00e4rg och formspr\u00e5k. Det \u00e4r den [&hellip;]<\/p>\n","protected":false},"author":1,"featured_media":0,"parent":0,"menu_order":0,"comment_status":"closed","ping_status":"closed","template":"","meta":{"_seopress_robots_primary_cat":"","_seopress_titles_title":"","_seopress_titles_desc":"","_seopress_robots_index":"","footnotes":""},"class_list":["post-546","page","type-page","status-publish","hentry"],"_links":{"self":[{"href":"https:\/\/millewnordiskdesign.se\/en\/wp-json\/wp\/v2\/pages\/546","targetHints":{"allow":["GET"]}}],"collection":[{"href":"https:\/\/millewnordiskdesign.se\/en\/wp-json\/wp\/v2\/pages"}],"about":[{"href":"https:\/\/millewnordiskdesign.se\/en\/wp-json\/wp\/v2\/types\/page"}],"author":[{"embeddable":true,"href":"https:\/\/millewnordiskdesign.se\/en\/wp-json\/wp\/v2\/users\/1"}],"replies":[{"embeddable":true,"href":"https:\/\/millewnordiskdesign.se\/en\/wp-json\/wp\/v2\/comments?post=546"}],"version-history":[{"count":121,"href":"https:\/\/millewnordiskdesign.se\/en\/wp-json\/wp\/v2\/pages\/546\/revisions"}],"predecessor-version":[{"id":9573,"href":"https:\/\/millewnordiskdesign.se\/en\/wp-json\/wp\/v2\/pages\/546\/revisions\/9573"}],"wp:attachment":[{"href":"https:\/\/millewnordiskdesign.se\/en\/wp-json\/wp\/v2\/media?parent=546"}],"curies":[{"name":"wp","href":"https:\/\/api.w.org\/{rel}","templated":true}]}}